{"id":78,"date":"2022-05-25T12:21:41","date_gmt":"2022-05-25T12:21:41","guid":{"rendered":"https:\/\/delmser-wasser.de\/?page_id=78"},"modified":"2025-10-26T18:38:58","modified_gmt":"2025-10-26T18:38:58","slug":"wasserqualitaet","status":"publish","type":"page","link":"https:\/\/www.delmser-wasser.de\/?page_id=78","title":{"rendered":"Qualit\u00e4t"},"content":{"rendered":"<p>[et_pb_section fb_built=&#8220;1&#8243; _builder_version=&#8220;4.19.4&#8243; background_color=&#8220;#478AC1&#8243; custom_padding=&#8220;0px|||||&#8220; global_colors_info=&#8220;{}&#8220;][et_pb_row _builder_version=&#8220;4.16&#8243; background_size=&#8220;initial&#8220; background_position=&#8220;top_left&#8220; background_repeat=&#8220;repeat&#8220; global_colors_info=&#8220;{}&#8220;][et_pb_column type=&#8220;4_4&#8243; _builder_version=&#8220;4.16&#8243; custom_padding=&#8220;|||&#8220; global_colors_info=&#8220;{}&#8220; custom_padding__hover=&#8220;|||&#8220;][et_pb_text _builder_version=&#8220;4.19.4&#8243; background_color=&#8220;#FFFFFF&#8220; background_size=&#8220;initial&#8220; background_position=&#8220;top_left&#8220; background_repeat=&#8220;repeat&#8220; border_width_all=&#8220;20px&#8220; border_color_all=&#8220;#FFFFFF&#8220; global_colors_info=&#8220;{}&#8220;]<!-- divi:paragraph --><\/p>\n<p>Das Delmser Trinkwasser wird streng nach den Vorgaben der deutschen Trinkwasserverordnung durch ein unabh\u00e4ngiges akkreditiertes Labor kontrolliert.<br \/>Die deutsche Trinkwasserverordnung gibt dabei die einzuhaltenden Grenzwerte im Trinwasser fest.<br \/>Durch die h\u00e4ufigen Kontrollen der mikrobiologischen und chemischen Beschaffenheit unterliegt das Delmser Wasser einer sehr hohen Kontrolle.<\/p>\n<p>&nbsp;<\/p>\n<p><a href=\"https:\/\/www.delmser-wasser.de\/wp-content\/uploads\/2022\/12\/2020-08-24-Wasserpruefbericht.pdf\" target=\"_blank\" rel=\"noopener\">Pr\u00fcfbericht 2020<\/a><\/p>\n<p><a href=\"https:\/\/www.delmser-wasser.de\/wp-content\/uploads\/2022\/12\/2021-09-14-Wasserpruefbericht.pdf\" target=\"_blank\" rel=\"noopener\">Pr\u00fcfbericht 2021<\/a><\/p>\n<p><a href=\"https:\/\/www.delmser-wasser.de\/wp-content\/uploads\/2023\/03\/2022-08-25-Wasserpruefbericht.pdf\">Pr\u00fcfbericht 2022<\/a><\/p>\n<p style=\"text-align: left;\"><a href=\"https:\/\/www.delmser-wasser.de\/wp-content\/uploads\/2024\/10\/Wasserpruefbericht-2024-09-24.pdf\">Pr\u00fcfbericht 2024<\/a><\/p>\n<p style=\"text-align: left;\"><a href=\"https:\/\/www.delmser-wasser.de\/wp-content\/uploads\/2025\/10\/Pruefbericht_25-26947_061025_Ver1.pdf\">Pr\u00fcfbericht 2025<\/a><\/p>\n<p><!-- \/divi:paragraph -->[\/et_pb_text][\/et_pb_column][\/et_pb_row][\/et_pb_section]<\/p>\n","protected":false},"excerpt":{"rendered":"<p>Das Delmser Trinkwasser wird streng nach den Vorgaben der deutschen Trinkwasserverordnung durch ein unabh\u00e4ngiges akkreditiertes Labor kontrolliert.Die deutsche Trinkwasserverordnung gibt dabei die einzuhaltenden Grenzwerte im Trinwasser fest.Durch die h\u00e4ufigen Kontrollen der mikrobiologischen und chemischen Beschaffenheit unterliegt das Delmser Wasser einer sehr hohen Kontrolle. &nbsp; Pr\u00fcfbericht 2020 Pr\u00fcfbericht 2021 Pr\u00fcfbericht 2022 Pr\u00fcfbericht 2024 Pr\u00fcfbericht 2025<\/p>\n","protected":false},"author":1,"featured_media":0,"parent":0,"menu_order":0,"comment_status":"closed","ping_status":"closed","template":"","meta":{"_et_pb_use_builder":"on","_et_pb_old_content":"<!-- wp:paragraph -->\n<p>Das Delmser Trinkwasser wird streng nach den Vorgaben der deutschen Trinkwasserverordnung durch ein unabh\u00e4ngiges akkreditiertes Labor kontrolliert.<br>Die deutsche Trinkwasserverordnung gibt dabei die einzuhaltenden Grenzwerte im Trinwasser fest.<br>Durch die h\u00e4ufigen Kontrollen der mikrobiologischen und chemischen Beschaffenheit unterliegt das Delmser Wasser einer sehr hohen Kontrolle.<br><br><a href=\"https:\/\/delmser-wasser.de\/wp-content\/uploads\/2022\/05\/Wasserpruefbericht.pdf\" target=\"_blank\" rel=\"noreferrer noopener\">Pr\u00fcfbericht 2020<\/a><\/p>\n<!-- \/wp:paragraph -->","_et_gb_content_width":"","footnotes":""},"class_list":["post-78","page","type-page","status-publish","hentry"],"_links":{"self":[{"href":"https:\/\/www.delmser-wasser.de\/index.php?rest_route=\/wp\/v2\/pages\/78","targetHints":{"allow":["GET"]}}],"collection":[{"href":"https:\/\/www.delmser-wasser.de\/index.php?rest_route=\/wp\/v2\/pages"}],"about":[{"href":"https:\/\/www.delmser-wasser.de\/index.php?rest_route=\/wp\/v2\/types\/page"}],"author":[{"embeddable":true,"href":"https:\/\/www.delmser-wasser.de\/index.php?rest_route=\/wp\/v2\/users\/1"}],"replies":[{"embeddable":true,"href":"https:\/\/www.delmser-wasser.de\/index.php?rest_route=%2Fwp%2Fv2%2Fcomments&post=78"}],"version-history":[{"count":13,"href":"https:\/\/www.delmser-wasser.de\/index.php?rest_route=\/wp\/v2\/pages\/78\/revisions"}],"predecessor-version":[{"id":820,"href":"https:\/\/www.delmser-wasser.de\/index.php?rest_route=\/wp\/v2\/pages\/78\/revisions\/820"}],"wp:attachment":[{"href":"https:\/\/www.delmser-wasser.de\/index.php?rest_route=%2Fwp%2Fv2%2Fmedia&parent=78"}],"curies":[{"name":"wp","href":"https:\/\/api.w.org\/{rel}","templated":true}]}}