{"id":72,"date":"2022-05-25T12:19:49","date_gmt":"2022-05-25T12:19:49","guid":{"rendered":"https:\/\/delmser-wasser.de\/?page_id=72"},"modified":"2023-01-16T20:05:45","modified_gmt":"2023-01-16T20:05:45","slug":"satzung","status":"publish","type":"page","link":"https:\/\/www.delmser-wasser.de\/?page_id=72","title":{"rendered":"Satzung"},"content":{"rendered":"<p>[et_pb_section fb_built=&#8220;1&#8243; _builder_version=&#8220;4.19.4&#8243; background_color=&#8220;#478AC1&#8243; global_colors_info=&#8220;{}&#8220; custom_padding=&#8220;0px|||||&#8220;][et_pb_row _builder_version=&#8220;4.16&#8243; background_size=&#8220;initial&#8220; background_position=&#8220;top_left&#8220; background_repeat=&#8220;repeat&#8220; global_colors_info=&#8220;{}&#8220;][et_pb_column type=&#8220;4_4&#8243; _builder_version=&#8220;4.16&#8243; custom_padding=&#8220;|||&#8220; global_colors_info=&#8220;{}&#8220; custom_padding__hover=&#8220;|||&#8220;][et_pb_text _builder_version=&#8220;4.19.4&#8243; background_color=&#8220;#FFFFFF&#8220; background_size=&#8220;initial&#8220; background_position=&#8220;top_left&#8220; background_repeat=&#8220;repeat&#8220; border_width_all=&#8220;20px&#8220; border_color_all=&#8220;#FFFFFF&#8220; global_colors_info=&#8220;{}&#8220;]<\/p>\n<p><!-- divi:paragraph --><strong>Satzung des Vereins Wasserversorgiingsanlage Delmsen e. <\/strong>V.<\/p>\n<p><!-- \/divi:paragraph --><!-- divi:paragraph --><strong>\u00a71 Name und Sitz des Vereins<\/strong><\/p>\n<p><!-- \/divi:paragraph --><!-- divi:paragraph -->Der Verein f\u00fchrt den Namen \u201eWasserversorgungsanlage Delmsen e.V.&#8220;<\/p>\n<p><!-- \/divi:paragraph --><!-- divi:paragraph -->Er ist in das Vereinsregister beim Amtsgericht Soltau unter Nr. 14 VR 270 eingetragen und hat seinen Sitz in Delmsen.<\/p>\n<p><!-- \/divi:paragraph --><!-- divi:paragraph --><!-- \/divi:paragraph --><!-- divi:paragraph --><strong>\u00a72 Zweck des Vereins<\/strong><\/p>\n<p><!-- \/divi:paragraph --><!-- divi:paragraph -->Der Verein ist gemeinn\u00fctzig. Er hat die Aufgabe, eine Wasserversorgungsanlage zu bauen und zu unterhalten. Der Verein erstrebt keinen Gewinn. Etwaige \u00dcbersch\u00fcsse sind zweckbestimmt zur Erf\u00fcllung der Vereinsaufgaben zu verwenden.<\/p>\n<p><!-- \/divi:paragraph --><!-- divi:paragraph --><!-- \/divi:paragraph --><!-- divi:paragraph --><strong>\u00a73 Gesch\u00e4ftsjahr<\/strong><\/p>\n<p><!-- \/divi:paragraph --><!-- divi:paragraph -->Das Gesch\u00e4ftsjahr ist das Kalenderjahr.<\/p>\n<p><!-- \/divi:paragraph --><!-- divi:paragraph --><!-- \/divi:paragraph --><!-- divi:paragraph --><strong>\u00a74 Mitgliedschaft<\/strong><\/p>\n<p><!-- \/divi:paragraph --><!-- divi:paragraph -->Zur Aufnahme ist eine schriftliche Anmeldung erforderlich. \u00dcber die Aufnahme entscheidet der Vorstand.<\/p>\n<p><!-- \/divi:paragraph --><!-- divi:paragraph -->Jedes Mitglied verpflichtet sich durch seine Beitrittserkl\u00e4rung,die Satzung des Vereins anzuerkennen und den Beschl\u00fcssen der Hauptversammlung nachzukommen.<\/p>\n<p><!-- \/divi:paragraph --><!-- divi:paragraph -->Die Hauptversammlung tritt wenigstens einmal im Jahr zusammen und wird vom Vorstand schrifilich, unter Beif\u00fcgimg der Tagesordnung mit einer Ladiingsjrist von einer Woche, einberufen.<\/p>\n<p><!-- \/divi:paragraph --><!-- divi:paragraph -->Auf den Versammlungen hat jedes Mitglied eine Stimme.<\/p>\n<p><!-- \/divi:paragraph --><!-- divi:paragraph -->Beschl\u00fcsse werden durch Stimmenmehrheit gefa\u00dft.<\/p>\n<p><!-- \/divi:paragraph --><!-- divi:paragraph -->\u00dcber die Mitgliederversammlung ist eine Niederschrift zu fertigen, die von der n\u00e4chsten Mitgliederversammlung zu genehmigen ist. Das Protokoll wird vom Schriftf\u00fchrer und vom Versammlungsleiler unterzeichnet.<\/p>\n<p><!-- \/divi:paragraph --><!-- divi:paragraph -->Die Haupversammlung w\u00e4hlt aus ihrer Mitte den Vorstand und zwar jeweils f\u00fcr die Dauer von drei Jahren.<\/p>\n<p><!-- \/divi:paragraph --><!-- divi:paragraph --><!-- \/divi:paragraph --><!-- divi:paragraph --><strong>\u00a75 Vorstand<\/strong><\/p>\n<p><!-- \/divi:paragraph --><!-- divi:paragraph -->Der Vorstand besteht aus:<\/p>\n<ul>\n<li>1. Vorsitzenden<\/li>\n<li>2. Vorsitzenden<\/li>\n<li>3. Vorsitzenden<\/li>\n<li>Schriftf\u00fchrer<\/li>\n<li>Kassenwart<\/li>\n<\/ul>\n<p>Vorstand im Sinne des \u00a7 26 BGB sind der 1. Vorsitzende und der 2. Vorsitzende, die jeweils allein vertretungsherechtigt sind. Diese leiten die Vereinsgesch\u00e4fte und vertreten den Verein gerichtlich und au\u00dfergerichtlich.<\/p>\n<p><!-- \/divi:paragraph --><!-- divi:paragraph --><!-- \/divi:paragraph --><!-- divi:paragraph --><strong>\u00a76 Finanzierung<\/strong><\/p>\n<p><!-- \/divi:paragraph --><!-- divi:paragraph -->Die Kosten der gesamten Anlage &#8211; und zwar gerechnet bis zur Wasseruhr im Haus des Mitgliedes ~ werden von den Mitgliedern zu gleichen Teilen getragen. Zur Deckung der Unkosten wird ein Wassergeld nach dem festgestellten Wasserverbrauch erhoben.<\/p>\n<p><!-- \/divi:paragraph --><!-- divi:paragraph -->Jedes neu anzuschlie\u00dfende Geb\u00e4ude, in dem sich Wohnraum befindet, wird gesondert mit Hausanschlu\u00dfkosten belegt. Soweit auf einem Grundst\u00fcck nachtr\u00e4glich weitere Wohnungen errichtet oder ausgebaut werden, entsteht f\u00fcr neue H\u00e4user ebenfalls die Hausanschlu\u00dfgeb\u00fchr bzw. f\u00fcr die dritte und jede weitere Wohnung eine zus\u00e4tzliche Anschlu\u00dfgeb\u00fchr. Die H\u00f6he der Geb\u00fchr wird von der Mitgliederversammlung fest gesetzt. Das gleiche gilt auch f\u00fcr gewerblich genutzte Geb\u00e4ude mit einem Wasseran schlu\u00df oder wenn bisher nicht mit Anschlu\u00dfkosten belegte Geb\u00e4ude entsprechend umgenutzt werden.<\/p>\n<p><!-- \/divi:paragraph --><!-- divi:paragraph --><!-- \/divi:paragraph --><!-- divi:paragraph --><strong>\u00a7 6a Haftung<\/strong><\/p>\n<p><!-- \/divi:paragraph --><!-- divi:paragraph -->Der Verein haftet f\u00fcr Sch\u00e4den und M\u00e4ngel an der Wasserversorgungsanlage auf eigenem Grundst\u00fcck und dem Leitungsnetz im \u00f6ffentlichen Stra\u00dfenraum. F\u00fcr M\u00e4ngel und Sch\u00e4den an Leitungen und Wasserversorgungsanlagen auf dem privaten Grundst\u00fcck des Mitglieds haftet ausschlie\u00dflich der Grundst\u00fcckseigent\u00fcmer (das Mitglied).<\/p>\n<p><!-- \/divi:paragraph --><!-- divi:paragraph --><!-- \/divi:paragraph --><!-- divi:paragraph --><strong>\u00a77 Wasserversorgungsanlage<\/strong><\/p>\n<p><!-- \/divi:paragraph --><!-- divi:paragraph -->Die Anlage bleibt im Eigentum des Vereins.<\/p>\n<p><!-- \/divi:paragraph --><!-- divi:paragraph --><!-- \/divi:paragraph --><!-- divi:paragraph --><strong>\u00a78 Erl\u00f6schen der Mitgliedschaft<\/strong><\/p>\n<p><!-- \/divi:paragraph --><!-- divi:paragraph -->Die Mitgliedschaft erlischt durch schriftliche Austrittserkl\u00e4rung &#8211; mit einer K\u00fcndigungsfrist von einem Monat &#8211; zum Ende des Kalenderjahres. Der Beitrag ist bis zum Erl\u00f6schen der Mitgliedschaft zu bezahlen.<\/p>\n<p><!-- \/divi:paragraph --><!-- divi:paragraph -->Ein Vereinsmitglied kann auf Beschlu\u00df der Hauptversammlung vom Wasserbezug ausgeschlossen werden, wenn es seinen finanziellen Verpflichtungen trotz Aufforderung nicht innerhalb einer Frist von drei Monaten nachkommt.<\/p>\n<p><!-- \/divi:paragraph --><!-- divi:paragraph --><!-- \/divi:paragraph --><!-- divi:paragraph --><strong>\u00a79 Schlu\u00dfbestimmungen<\/strong><\/p>\n<p><!-- \/divi:paragraph --><!-- divi:paragraph -->Dem Verein gegen\u00fcber hat kein Mitglied Anspruch auf Erstattung der Kosten, die ihm<br \/>durch die Anlage entstanden sind.<\/p>\n<p><!-- \/divi:paragraph --><!-- divi:paragraph -->Die Satzung vom 02.10.1959 mit den \u00c4nderungsbeschl\u00fcssen vom 15.12.1999 und 06.05.2002 wird hiermit erneut ge\u00e4ndert. Die Satzungs\u00e4nderung tritt mit sofortiger<br \/>Wirkung in Kraft.<\/p>\n<p><!-- \/divi:paragraph --><!-- divi:paragraph -->Delmsen, 05.03.2003<\/p>\n<p><!-- \/divi:paragraph --><!-- divi:paragraph -->Unterschrift 1. Vortsitzender<\/p>\n<p><!-- \/divi:paragraph --><!-- divi:paragraph --><!-- \/divi:paragraph --><!-- divi:paragraph --><a href=\"https:\/\/delmser-wasser.de\/wp-content\/uploads\/2022\/08\/Vereinssatzung-05.03.2003.pdf\" target=\"_blank\" rel=\"noreferrer noopener\">Download der Satzung<\/a><\/p>\n<p><!-- \/divi:paragraph --><\/p>\n<p>[\/et_pb_text][\/et_pb_column][\/et_pb_row][\/et_pb_section]<\/p>\n","protected":false},"excerpt":{"rendered":"<p>Satzung des Vereins Wasserversorgiingsanlage Delmsen e. V. \u00a71 Name und Sitz des Vereins Der Verein f\u00fchrt den Namen \u201eWasserversorgungsanlage Delmsen e.V.&#8220; Er ist in das Vereinsregister beim Amtsgericht Soltau unter Nr. 14 VR 270 eingetragen und hat seinen Sitz in Delmsen. \u00a72 Zweck des Vereins Der Verein ist gemeinn\u00fctzig. Er hat die Aufgabe, eine Wasserversorgungsanlage [&hellip;]<\/p>\n","protected":false},"author":1,"featured_media":0,"parent":0,"menu_order":0,"comment_status":"closed","ping_status":"closed","template":"","meta":{"_et_pb_use_builder":"on","_et_pb_old_content":"<!-- wp:paragraph -->\n<p><strong>Satzung des Vereins Wasserversorgiingsanlage Delmsen e. <\/strong>V.<\/p>\n<!-- \/wp:paragraph -->\n\n<!-- wp:paragraph -->\n<p><strong>\u00a71 Name und Sitz des Vereins<\/strong><\/p>\n<!-- \/wp:paragraph -->\n\n<!-- wp:paragraph -->\n<p>Der Verein f\u00fchrt den Namen \u201eWasserversorgungsanlage Delmsen e.V.\"<\/p>\n<!-- \/wp:paragraph -->\n\n<!-- wp:paragraph -->\n<p>Er ist in das Vereinsregister beim Amtsgericht Soltau unter Nr. 14 VR 270 eingetragen und hat seinen Sitz in Delmsen.<\/p>\n<!-- \/wp:paragraph -->\n\n<!-- wp:paragraph -->\n<p><\/p>\n<!-- \/wp:paragraph -->\n\n<!-- wp:paragraph -->\n<p><strong>\u00a72 Zweck des Vereins<\/strong><\/p>\n<!-- \/wp:paragraph -->\n\n<!-- wp:paragraph -->\n<p>Der Verein ist gemeinn\u00fctzig. Er hat die Aufgabe, eine Wasserversorgungsanlage zu bauen und zu unterhalten. Der Verein erstrebt keinen Gewinn. Etwaige \u00dcbersch\u00fcsse sind zweckbestimmt zur Erf\u00fcllung der Vereinsaufgaben zu verwenden.<\/p>\n<!-- \/wp:paragraph -->\n\n<!-- wp:paragraph -->\n<p><\/p>\n<!-- \/wp:paragraph -->\n\n<!-- wp:paragraph -->\n<p><strong>\u00a73 Gesch\u00e4ftsjahr<\/strong><\/p>\n<!-- \/wp:paragraph -->\n\n<!-- wp:paragraph -->\n<p>Das Gesch\u00e4ftsjahr ist das Kalenderjahr.<\/p>\n<!-- \/wp:paragraph -->\n\n<!-- wp:paragraph -->\n<p><\/p>\n<!-- \/wp:paragraph -->\n\n<!-- wp:paragraph -->\n<p><strong>\u00a74 Mitgliedschaft<\/strong><\/p>\n<!-- \/wp:paragraph -->\n\n<!-- wp:paragraph -->\n<p>Zur Aufnahme ist eine schriftliche Anmeldung erforderlich. \u00dcber die Aufnahme entscheidet der Vorstand.<\/p>\n<!-- \/wp:paragraph -->\n\n<!-- wp:paragraph -->\n<p>Jedes Mitglied verpflichtet sich durch seine Beitrittserkl\u00e4rung,die Satzung des Vereins anzuerkennen und den Beschl\u00fcssen der Hauptversammlung nachzukommen.<\/p>\n<!-- \/wp:paragraph -->\n\n<!-- wp:paragraph -->\n<p>Die Hauptversammlung tritt wenigstens einmal im Jahr zusammen und wird vom Vorstand schrifilich, unter Beif\u00fcgimg der Tagesordnung mit einer Ladiingsjrist von einer Woche, einberufen.<\/p>\n<!-- \/wp:paragraph -->\n\n<!-- wp:paragraph -->\n<p>Auf den Versammlungen hat jedes Mitglied eine Stimme.<\/p>\n<!-- \/wp:paragraph -->\n\n<!-- wp:paragraph -->\n<p>Beschl\u00fcsse werden durch Stimmenmehrheit gefa\u00dft.<\/p>\n<!-- \/wp:paragraph -->\n\n<!-- wp:paragraph -->\n<p>\u00dcber die Mitgliederversammlung ist eine Niederschrift zu fertigen, die von der n\u00e4chsten Mitgliederversammlung zu genehmigen ist. Das Protokoll wird vom Schriftf\u00fchrer und vom Versammlungsleiler unterzeichnet.<\/p>\n<!-- \/wp:paragraph -->\n\n<!-- wp:paragraph -->\n<p>Die Haupversammlung w\u00e4hlt aus ihrer Mitte den Vorstand und zwar jeweils f\u00fcr die Dauer von drei Jahren.<\/p>\n<!-- \/wp:paragraph -->\n\n<!-- wp:paragraph -->\n<p><\/p>\n<!-- \/wp:paragraph -->\n\n<!-- wp:paragraph -->\n<p><strong>\u00a75 Vorstand<\/strong><\/p>\n<!-- \/wp:paragraph -->\n\n<!-- wp:paragraph -->\n<p>Der Vorstand besteht aus:<\/p>\n<!-- \/wp:paragraph -->\n\n<!-- wp:list -->\n<ul><!-- wp:list-item -->\n<li>1. Vorsitzenden<\/li>\n<!-- \/wp:list-item -->\n\n<!-- wp:list-item -->\n<li>2. Vorsitzenden<\/li>\n<!-- \/wp:list-item -->\n\n<!-- wp:list-item -->\n<li>3. Vorsitzenden<\/li>\n<!-- \/wp:list-item -->\n\n<!-- wp:list-item -->\n<li>Schriftf\u00fchrer<\/li>\n<!-- \/wp:list-item -->\n\n<!-- wp:list-item -->\n<li>Kassenwart<\/li>\n<!-- \/wp:list-item --><\/ul>\n<!-- \/wp:list -->\n\n<!-- wp:paragraph -->\n<p>Vorstand im Sinne des \u00a7 26 BGB sind der 1. Vorsitzende und der 2. Vorsitzende, die jeweils allein vertretungsherechtigt sind. Diese leiten die Vereinsgesch\u00e4fte und vertreten den Verein gerichtlich und au\u00dfergerichtlich.<\/p>\n<!-- \/wp:paragraph -->\n\n<!-- wp:paragraph -->\n<p><\/p>\n<!-- \/wp:paragraph -->\n\n<!-- wp:paragraph -->\n<p><strong>\u00a76 Finanzierung<\/strong><\/p>\n<!-- \/wp:paragraph -->\n\n<!-- wp:paragraph -->\n<p>Die Kosten der gesamten Anlage - und zwar gerechnet bis zur Wasseruhr im Haus des Mitgliedes ~ werden von den Mitgliedern zu gleichen Teilen getragen. Zur Deckung der Unkosten wird ein Wassergeld nach dem festgestellten Wasserverbrauch erhoben.<\/p>\n<!-- \/wp:paragraph -->\n\n<!-- wp:paragraph -->\n<p>Jedes neu anzuschlie\u00dfende Geb\u00e4ude, in dem sich Wohnraum befindet, wird gesondert mit Hausanschlu\u00dfkosten belegt. Soweit auf einem Grundst\u00fcck nachtr\u00e4glich weitere Wohnungen errichtet oder ausgebaut werden, entsteht f\u00fcr neue H\u00e4user ebenfalls die Hausanschlu\u00dfgeb\u00fchr bzw. f\u00fcr die dritte und jede weitere Wohnung eine zus\u00e4tzliche Anschlu\u00dfgeb\u00fchr. Die H\u00f6he der Geb\u00fchr wird von der Mitgliederversammlung fest gesetzt. Das gleiche gilt auch f\u00fcr gewerblich genutzte Geb\u00e4ude mit einem Wasseran schlu\u00df oder wenn bisher nicht mit Anschlu\u00dfkosten belegte Geb\u00e4ude entsprechend umgenutzt werden.<\/p>\n<!-- \/wp:paragraph -->\n\n<!-- wp:paragraph -->\n<p><\/p>\n<!-- \/wp:paragraph -->\n\n<!-- wp:paragraph -->\n<p><strong>\u00a7 6a Haftung<\/strong><\/p>\n<!-- \/wp:paragraph -->\n\n<!-- wp:paragraph -->\n<p>Der Verein haftet f\u00fcr Sch\u00e4den und M\u00e4ngel an der Wasserversorgungsanlage auf eigenem Grundst\u00fcck und dem Leitungsnetz im \u00f6ffentlichen Stra\u00dfenraum. F\u00fcr M\u00e4ngel und Sch\u00e4den an Leitungen und Wasserversorgungsanlagen auf dem privaten Grundst\u00fcck des Mitglieds haftet ausschlie\u00dflich der Grundst\u00fcckseigent\u00fcmer (das Mitglied).<\/p>\n<!-- \/wp:paragraph -->\n\n<!-- wp:paragraph -->\n<p><\/p>\n<!-- \/wp:paragraph -->\n\n<!-- wp:paragraph -->\n<p><strong>\u00a77 Wasserversorgungsanlage<\/strong><\/p>\n<!-- \/wp:paragraph -->\n\n<!-- wp:paragraph -->\n<p>Die Anlage bleibt im Eigentum des Vereins.<\/p>\n<!-- \/wp:paragraph -->\n\n<!-- wp:paragraph -->\n<p><\/p>\n<!-- \/wp:paragraph -->\n\n<!-- wp:paragraph -->\n<p><strong>\u00a78 Erl\u00f6schen der Mitgliedschaft<\/strong><\/p>\n<!-- \/wp:paragraph -->\n\n<!-- wp:paragraph -->\n<p>Die Mitgliedschaft erlischt durch schriftliche Austrittserkl\u00e4rung - mit einer K\u00fcndigungsfrist von einem Monat - zum Ende des Kalenderjahres. Der Beitrag ist bis zum Erl\u00f6schen der Mitgliedschaft zu bezahlen.<\/p>\n<!-- \/wp:paragraph -->\n\n<!-- wp:paragraph -->\n<p>Ein Vereinsmitglied kann auf Beschlu\u00df der Hauptversammlung vom Wasserbezug ausgeschlossen werden, wenn es seinen finanziellen Verpflichtungen trotz Aufforderung nicht innerhalb einer Frist von drei Monaten nachkommt.<\/p>\n<!-- \/wp:paragraph -->\n\n<!-- wp:paragraph -->\n<p><\/p>\n<!-- \/wp:paragraph -->\n\n<!-- wp:paragraph -->\n<p><strong>\u00a79 Schlu\u00dfbestimmungen<\/strong><\/p>\n<!-- \/wp:paragraph -->\n\n<!-- wp:paragraph -->\n<p>Dem Verein gegen\u00fcber hat kein Mitglied Anspruch auf Erstattung der Kosten, die ihm<br>durch die Anlage entstanden sind.<\/p>\n<!-- \/wp:paragraph -->\n\n<!-- wp:paragraph -->\n<p>Die Satzung vom 02.10.1959 mit den \u00c4nderungsbeschl\u00fcssen vom 15.12.1999 und 06.05.2002 wird hiermit erneut ge\u00e4ndert. Die Satzungs\u00e4nderung tritt mit sofortiger<br>Wirkung in Kraft.<\/p>\n<!-- \/wp:paragraph -->\n\n<!-- wp:paragraph -->\n<p>Delmsen, 05.03.2003<\/p>\n<!-- \/wp:paragraph -->\n\n<!-- wp:paragraph -->\n<p>Unterschrift 1. Vortsitzender<\/p>\n<!-- \/wp:paragraph -->\n\n<!-- wp:paragraph -->\n<p><\/p>\n<!-- \/wp:paragraph -->\n\n<!-- wp:paragraph -->\n<p><a href=\"https:\/\/delmser-wasser.de\/wp-content\/uploads\/2022\/08\/Vereinssatzung-05.03.2003.pdf\" target=\"_blank\" rel=\"noreferrer noopener\">Download der Satzung<\/a><\/p>\n<!-- \/wp:paragraph -->","_et_gb_content_width":"","footnotes":""},"class_list":["post-72","page","type-page","status-publish","hentry"],"_links":{"self":[{"href":"https:\/\/www.delmser-wasser.de\/index.php?rest_route=\/wp\/v2\/pages\/72","targetHints":{"allow":["GET"]}}],"collection":[{"href":"https:\/\/www.delmser-wasser.de\/index.php?rest_route=\/wp\/v2\/pages"}],"about":[{"href":"https:\/\/www.delmser-wasser.de\/index.php?rest_route=\/wp\/v2\/types\/page"}],"author":[{"embeddable":true,"href":"https:\/\/www.delmser-wasser.de\/index.php?rest_route=\/wp\/v2\/users\/1"}],"replies":[{"embeddable":true,"href":"https:\/\/www.delmser-wasser.de\/index.php?rest_route=%2Fwp%2Fv2%2Fcomments&post=72"}],"version-history":[{"count":13,"href":"https:\/\/www.delmser-wasser.de\/index.php?rest_route=\/wp\/v2\/pages\/72\/revisions"}],"predecessor-version":[{"id":687,"href":"https:\/\/www.delmser-wasser.de\/index.php?rest_route=\/wp\/v2\/pages\/72\/revisions\/687"}],"wp:attachment":[{"href":"https:\/\/www.delmser-wasser.de\/index.php?rest_route=%2Fwp%2Fv2%2Fmedia&parent=72"}],"curies":[{"name":"wp","href":"https:\/\/api.w.org\/{rel}","templated":true}]}}