{"id":616,"date":"2022-12-18T16:23:31","date_gmt":"2022-12-18T16:23:31","guid":{"rendered":"https:\/\/www.delmser-wasser.de\/?page_id=616"},"modified":"2023-01-16T19:57:26","modified_gmt":"2023-01-16T19:57:26","slug":"formulare","status":"publish","type":"page","link":"https:\/\/www.delmser-wasser.de\/?page_id=616","title":{"rendered":"Formulare"},"content":{"rendered":"<p>[et_pb_section fb_built=&#8220;1&#8243; _builder_version=&#8220;4.19.4&#8243; _module_preset=&#8220;default&#8220; background_color=&#8220;#478AC1&#8243; global_colors_info=&#8220;{}&#8220; custom_padding=&#8220;0px|||||&#8220;][et_pb_row _builder_version=&#8220;4.19.4&#8243; _module_preset=&#8220;default&#8220; global_colors_info=&#8220;{}&#8220;][et_pb_column type=&#8220;4_4&#8243; _builder_version=&#8220;4.19.4&#8243; _module_preset=&#8220;default&#8220; global_colors_info=&#8220;{}&#8220;][et_pb_text _builder_version=&#8220;4.19.4&#8243; _module_preset=&#8220;default&#8220; background_color=&#8220;#FFFFFF&#8220; border_width_all=&#8220;20px&#8220; border_color_all=&#8220;#FFFFFF&#8220; global_colors_info=&#8220;{}&#8220;]<\/p>\n<p>Hier finden sie alle Formulare und Antr\u00e4ge zum Download:<\/p>\n<ul>\n<li><a href=\"https:\/\/www.delmser-wasser.de\/wp-content\/uploads\/2022\/05\/Anmeldung_Antrag.pdf\" target=\"_blank\" rel=\"noopener\">Mitgliedsantrag<\/a><\/li>\n<li><a href=\"https:\/\/www.delmser-wasser.de\/wp-content\/uploads\/2022\/12\/SEPA-Basis-Lastschrift-Mandat.pdf\" target=\"_blank\" rel=\"noopener\">SEPA-Basis-Lastschrift-Mandat<\/a><\/li>\n<li><a href=\"https:\/\/www.delmser-wasser.de\/wp-content\/uploads\/2022\/12\/Eigentuemerwechsel.pdf\" target=\"_blank\" rel=\"noopener\">Eingent\u00fcmerwechsel<\/a><\/li>\n<li><a href=\"https:\/\/www.delmser-wasser.de\/wp-content\/uploads\/2022\/12\/Zaehlerstand.pdf\" target=\"_blank\" rel=\"noopener\">Z\u00e4hlerstand<\/a><\/li>\n<\/ul>\n<p>[\/et_pb_text][\/et_pb_column][\/et_pb_row][\/et_pb_section]<\/p>\n","protected":false},"excerpt":{"rendered":"<p>Hier finden sie alle Formulare und Antr\u00e4ge zum Download: Mitgliedsantrag SEPA-Basis-Lastschrift-Mandat Eingent\u00fcmerwechsel Z\u00e4hlerstand<\/p>\n","protected":false},"author":1,"featured_media":0,"parent":0,"menu_order":0,"comment_status":"closed","ping_status":"closed","template":"","meta":{"_et_pb_use_builder":"on","_et_pb_old_content":"","_et_gb_content_width":"","footnotes":""},"class_list":["post-616","page","type-page","status-publish","hentry"],"_links":{"self":[{"href":"https:\/\/www.delmser-wasser.de\/index.php?rest_route=\/wp\/v2\/pages\/616","targetHints":{"allow":["GET"]}}],"collection":[{"href":"https:\/\/www.delmser-wasser.de\/index.php?rest_route=\/wp\/v2\/pages"}],"about":[{"href":"https:\/\/www.delmser-wasser.de\/index.php?rest_route=\/wp\/v2\/types\/page"}],"author":[{"embeddable":true,"href":"https:\/\/www.delmser-wasser.de\/index.php?rest_route=\/wp\/v2\/users\/1"}],"replies":[{"embeddable":true,"href":"https:\/\/www.delmser-wasser.de\/index.php?rest_route=%2Fwp%2Fv2%2Fcomments&post=616"}],"version-history":[{"count":6,"href":"https:\/\/www.delmser-wasser.de\/index.php?rest_route=\/wp\/v2\/pages\/616\/revisions"}],"predecessor-version":[{"id":668,"href":"https:\/\/www.delmser-wasser.de\/index.php?rest_route=\/wp\/v2\/pages\/616\/revisions\/668"}],"wp:attachment":[{"href":"https:\/\/www.delmser-wasser.de\/index.php?rest_route=%2Fwp%2Fv2%2Fmedia&parent=616"}],"curies":[{"name":"wp","href":"https:\/\/api.w.org\/{rel}","templated":true}]}}